{"id":783,"date":"2019-03-17T19:03:32","date_gmt":"2019-03-17T18:03:32","guid":{"rendered":"https:\/\/www.maycreate.si\/pisanje-vsebin\/"},"modified":"2019-11-11T15:05:39","modified_gmt":"2019-11-11T14:05:39","slug":"pisanje-vsebin","status":"publish","type":"page","link":"https:\/\/www.maycreate.si\/sl\/storitve\/pisanje-vsebin\/","title":{"rendered":"Pisanje vsebin"},"content":{"rendered":"\t\t<div data-elementor-type=\"wp-post\" data-elementor-id=\"783\" class=\"elementor elementor-783 elementor-447\">\n\t\t\t\t\t\t<section class=\"elementor-section elementor-top-section elementor-element elementor-element-4112e4a3 elementor-section-content-middle elementor-section-boxed elementor-section-height-default elementor-section-height-default\" data-id=\"4112e4a3\" data-element_type=\"section\">\n\t\t\t\t\t\t<div class=\"elementor-container elementor-column-gap-no\">\n\t\t\t\t\t<div class=\"elementor-column elementor-col-50 elementor-top-column elementor-element elementor-element-3bee80eb\" data-id=\"3bee80eb\" data-element_type=\"column\">\n\t\t\t<div class=\"elementor-widget-wrap elementor-element-populated\">\n\t\t\t\t\t\t<div class=\"elementor-element elementor-element-6cdd44d9 elementor-widget elementor-widget-text-editor\" data-id=\"6cdd44d9\" data-element_type=\"widget\" data-widget_type=\"text-editor.default\">\n\t\t\t\t<div class=\"elementor-widget-container\">\n\t\t\t\t\t\t\t\t\t<p>STORITVE<\/p>\n\t\t\t\t\t\t\t\t<\/div>\n\t\t\t\t<\/div>\n\t\t\t\t<div class=\"elementor-element elementor-element-e502d9d elementor-widget elementor-widget-heading\" data-id=\"e502d9d\" data-element_type=\"widget\" data-widget_type=\"heading.default\">\n\t\t\t\t<div class=\"elementor-widget-container\">\n\t\t\t\t\t<h2 class=\"elementor-heading-title elementor-size-large\">Pisanje vsebin<\/h2>\t\t\t\t<\/div>\n\t\t\t\t<\/div>\n\t\t\t\t<div class=\"elementor-element elementor-element-7f880cd elementor-widget-divider--view-line elementor-widget elementor-widget-divider\" data-id=\"7f880cd\" data-element_type=\"widget\" data-widget_type=\"divider.default\">\n\t\t\t\t<div class=\"elementor-widget-container\">\n\t\t\t\t\t\t\t<div class=\"elementor-divider\">\n\t\t\t<span class=\"elementor-divider-separator\">\n\t\t\t\t\t\t<\/span>\n\t\t<\/div>\n\t\t\t\t\t\t<\/div>\n\t\t\t\t<\/div>\n\t\t\t\t\t<\/div>\n\t\t<\/div>\n\t\t\t\t<div class=\"elementor-column elementor-col-50 elementor-top-column elementor-element elementor-element-60e01997\" data-id=\"60e01997\" data-element_type=\"column\">\n\t\t\t<div class=\"elementor-widget-wrap elementor-element-populated\">\n\t\t\t\t\t\t<div class=\"elementor-element elementor-element-53072752 elementor-widget elementor-widget-text-editor\" data-id=\"53072752\" data-element_type=\"widget\" data-widget_type=\"text-editor.default\">\n\t\t\t\t<div class=\"elementor-widget-container\">\n\t\t\t\t\t\t\t\t\t<p>Pisanje vsebin je kreativni proces, pri katerem mora ustvarjalec dobro razumeti vsebino o kateri pi\u0161e ter \u0161e pomembneje \u2013 u\u017eivati mora v svojem delu.<\/p>\t\t\t\t\t\t\t\t<\/div>\n\t\t\t\t<\/div>\n\t\t\t\t<div class=\"elementor-element elementor-element-3c749e68 elementor-widget elementor-widget-text-editor\" data-id=\"3c749e68\" data-element_type=\"widget\" data-widget_type=\"text-editor.default\">\n\t\t\t\t<div class=\"elementor-widget-container\">\n\t\t\t\t\t\t\t\t\t<p>Kako pomembna je pravzaprav vsebina? Predstavljajte si knjigo brez besedila ali spletne brskalnike, na katerih najdete le slike. Vsebina je pomembnej\u0161a, kot se zdi na prvi pogled.<\/p><p>Kak\u0161ne pa so karakteristike dobrega pisca? Poznati mora ob\u010dinstvo, ki ga naslavlja, dobro mora poznati tematiko o kateri pi\u0161e ter natan\u010dno vedeti, kaj je tisto, kar \u017eeli povedati. Mora biti originalen in druga\u010den. Najpomembnej\u0161e pa je to, da ustvarja vsebine, ki so privla\u010dne, navdihujo\u010de ter pripravijo bralca do tega, da prebere zgodbo do zadnjega lo\u010dila.<\/p><p>Smo uspeli pritegniti va\u0161o pozornost? Odli\u010dno! Sedaj si lahko vzamete \u0161e nekaj minut in si preberete \u0161e kak\u0161no objavo na na\u0161em blogu (povezavo do tega najdete na prvi strani). Vam je v\u0161e\u010d, kar berete? Vam ni? Po\u0161ljite nam sporo\u010dilo in nam povejte, kako se vam zdi.<\/p>\t\t\t\t\t\t\t\t<\/div>\n\t\t\t\t<\/div>\n\t\t\t\t\t<\/div>\n\t\t<\/div>\n\t\t\t\t\t<\/div>\n\t\t<\/section>\n\t\t\t\t<\/div>\n\t\t","protected":false},"excerpt":{"rendered":"<p>STORITVE Pisanje vsebin Pisanje vsebin je kreativni proces, pri katerem mora ustvarjalec dobro razumeti vsebino o kateri pi\u0161e ter \u0161e pomembneje \u2013 u\u017eivati mora v svojem delu. Kako pomembna je pravzaprav vsebina? Predstavljajte si knjigo brez besedila ali spletne brskalnike, na katerih najdete le slike. Vsebina je pomembnej\u0161a, kot se zdi na prvi pogled. Kak\u0161ne [&hellip;]<\/p>\n","protected":false},"author":1,"featured_media":0,"parent":791,"menu_order":0,"comment_status":"closed","ping_status":"closed","template":"","meta":{"ocean_post_layout":"","ocean_both_sidebars_style":"","ocean_both_sidebars_content_width":0,"ocean_both_sidebars_sidebars_width":0,"ocean_sidebar":"0","ocean_second_sidebar":"0","ocean_disable_margins":"enable","ocean_add_body_class":"","ocean_shortcode_before_top_bar":"","ocean_shortcode_after_top_bar":"","ocean_shortcode_before_header":"","ocean_shortcode_after_header":"","ocean_has_shortcode":"","ocean_shortcode_after_title":"","ocean_shortcode_before_footer_widgets":"","ocean_shortcode_after_footer_widgets":"","ocean_shortcode_before_footer_bottom":"","ocean_shortcode_after_footer_bottom":"","ocean_display_top_bar":"default","ocean_display_header":"default","ocean_header_style":"","ocean_center_header_left_menu":"0","ocean_custom_header_template":"0","ocean_custom_logo":0,"ocean_custom_retina_logo":0,"ocean_custom_logo_max_width":0,"ocean_custom_logo_tablet_max_width":0,"ocean_custom_logo_mobile_max_width":0,"ocean_custom_logo_max_height":0,"ocean_custom_logo_tablet_max_height":0,"ocean_custom_logo_mobile_max_height":0,"ocean_header_custom_menu":"0","ocean_menu_typo_font_family":"0","ocean_menu_typo_font_subset":"","ocean_menu_typo_font_size":0,"ocean_menu_typo_font_size_tablet":0,"ocean_menu_typo_font_size_mobile":0,"ocean_menu_typo_font_size_unit":"px","ocean_menu_typo_font_weight":"","ocean_menu_typo_font_weight_tablet":"","ocean_menu_typo_font_weight_mobile":"","ocean_menu_typo_transform":"","ocean_menu_typo_transform_tablet":"","ocean_menu_typo_transform_mobile":"","ocean_menu_typo_line_height":0,"ocean_menu_typo_line_height_tablet":0,"ocean_menu_typo_line_height_mobile":0,"ocean_menu_typo_line_height_unit":"","ocean_menu_typo_spacing":0,"ocean_menu_typo_spacing_tablet":0,"ocean_menu_typo_spacing_mobile":0,"ocean_menu_typo_spacing_unit":"","ocean_menu_link_color":"","ocean_menu_link_color_hover":"","ocean_menu_link_color_active":"","ocean_menu_link_background":"","ocean_menu_link_hover_background":"","ocean_menu_link_active_background":"","ocean_menu_social_links_bg":"","ocean_menu_social_hover_links_bg":"","ocean_menu_social_links_color":"","ocean_menu_social_hover_links_color":"","ocean_disable_title":"default","ocean_disable_heading":"default","ocean_post_title":"","ocean_post_subheading":"","ocean_post_title_style":"","ocean_post_title_background_color":"","ocean_post_title_background":0,"ocean_post_title_bg_image_position":"","ocean_post_title_bg_image_attachment":"","ocean_post_title_bg_image_repeat":"","ocean_post_title_bg_image_size":"","ocean_post_title_height":0,"ocean_post_title_bg_overlay":0.5,"ocean_post_title_bg_overlay_color":"","ocean_disable_breadcrumbs":"default","ocean_breadcrumbs_color":"","ocean_breadcrumbs_separator_color":"","ocean_breadcrumbs_links_color":"","ocean_breadcrumbs_links_hover_color":"","ocean_display_footer_widgets":"default","ocean_display_footer_bottom":"default","ocean_custom_footer_template":"0","footnotes":""},"class_list":["post-783","page","type-page","status-publish","hentry","entry"],"yoast_head":"<!-- This site is optimized with the Yoast SEO plugin v24.9 - https:\/\/yoast.com\/wordpress\/plugins\/seo\/ -->\n<title>Pisanje vsebin - Studio MayCreate<\/title>\n<meta name=\"robots\" content=\"index, follow, max-snippet:-1, max-image-preview:large, max-video-preview:-1\" \/>\n<link rel=\"canonical\" href=\"https:\/\/www.maycreate.si\/sl\/storitve\/pisanje-vsebin\/\" \/>\n<meta property=\"og:locale\" content=\"sl_SI\" \/>\n<meta property=\"og:type\" content=\"article\" \/>\n<meta property=\"og:title\" content=\"Pisanje vsebin - Studio MayCreate\" \/>\n<meta property=\"og:description\" content=\"STORITVE Pisanje vsebin Pisanje vsebin je kreativni proces, pri katerem mora ustvarjalec dobro razumeti vsebino o kateri pi\u0161e ter \u0161e pomembneje \u2013 u\u017eivati mora v svojem delu. Kako pomembna je pravzaprav vsebina? Predstavljajte si knjigo brez besedila ali spletne brskalnike, na katerih najdete le slike. Vsebina je pomembnej\u0161a, kot se zdi na prvi pogled. Kak\u0161ne [&hellip;]\" \/>\n<meta property=\"og:url\" content=\"https:\/\/www.maycreate.si\/sl\/storitve\/pisanje-vsebin\/\" \/>\n<meta property=\"og:site_name\" content=\"Studio MayCreate\" \/>\n<meta property=\"article:modified_time\" content=\"2019-11-11T14:05:39+00:00\" \/>\n<meta name=\"twitter:card\" content=\"summary_large_image\" \/>\n<meta name=\"twitter:label1\" content=\"Est. reading time\" \/>\n\t<meta name=\"twitter:data1\" content=\"1 minuta\" \/>\n<script type=\"application\/ld+json\" class=\"yoast-schema-graph\">{\"@context\":\"https:\/\/schema.org\",\"@graph\":[{\"@type\":\"WebPage\",\"@id\":\"https:\/\/www.maycreate.si\/sl\/storitve\/pisanje-vsebin\/\",\"url\":\"https:\/\/www.maycreate.si\/sl\/storitve\/pisanje-vsebin\/\",\"name\":\"Pisanje vsebin - Studio MayCreate\",\"isPartOf\":{\"@id\":\"https:\/\/www.maycreate.si\/sl\/#website\"},\"datePublished\":\"2019-03-17T18:03:32+00:00\",\"dateModified\":\"2019-11-11T14:05:39+00:00\",\"breadcrumb\":{\"@id\":\"https:\/\/www.maycreate.si\/sl\/storitve\/pisanje-vsebin\/#breadcrumb\"},\"inLanguage\":\"sl-SI\",\"potentialAction\":[{\"@type\":\"ReadAction\",\"target\":[\"https:\/\/www.maycreate.si\/sl\/storitve\/pisanje-vsebin\/\"]}]},{\"@type\":\"BreadcrumbList\",\"@id\":\"https:\/\/www.maycreate.si\/sl\/storitve\/pisanje-vsebin\/#breadcrumb\",\"itemListElement\":[{\"@type\":\"ListItem\",\"position\":1,\"name\":\"Home\",\"item\":\"https:\/\/www.maycreate.si\/sl\/\"},{\"@type\":\"ListItem\",\"position\":2,\"name\":\"Storitve\",\"item\":\"https:\/\/www.maycreate.si\/sl\/storitve\/\"},{\"@type\":\"ListItem\",\"position\":3,\"name\":\"Pisanje vsebin\"}]},{\"@type\":\"WebSite\",\"@id\":\"https:\/\/www.maycreate.si\/sl\/#website\",\"url\":\"https:\/\/www.maycreate.si\/sl\/\",\"name\":\"Studio MayCreate\",\"description\":\"May We Create For You\",\"publisher\":{\"@id\":\"https:\/\/www.maycreate.si\/sl\/#organization\"},\"potentialAction\":[{\"@type\":\"SearchAction\",\"target\":{\"@type\":\"EntryPoint\",\"urlTemplate\":\"https:\/\/www.maycreate.si\/sl\/?s={search_term_string}\"},\"query-input\":{\"@type\":\"PropertyValueSpecification\",\"valueRequired\":true,\"valueName\":\"search_term_string\"}}],\"inLanguage\":\"sl-SI\"},{\"@type\":\"Organization\",\"@id\":\"https:\/\/www.maycreate.si\/sl\/#organization\",\"name\":\"Studio MayCreate\",\"url\":\"https:\/\/www.maycreate.si\/sl\/\",\"logo\":{\"@type\":\"ImageObject\",\"inLanguage\":\"sl-SI\",\"@id\":\"https:\/\/www.maycreate.si\/sl\/#\/schema\/logo\/image\/\",\"url\":\"https:\/\/www.maycreate.si\/wp-content\/uploads\/2019\/04\/MayCreateSek2.png\",\"contentUrl\":\"https:\/\/www.maycreate.si\/wp-content\/uploads\/2019\/04\/MayCreateSek2.png\",\"width\":500,\"height\":146,\"caption\":\"Studio MayCreate\"},\"image\":{\"@id\":\"https:\/\/www.maycreate.si\/sl\/#\/schema\/logo\/image\/\"}}]}<\/script>\n<!-- \/ Yoast SEO plugin. -->","yoast_head_json":{"title":"Pisanje vsebin - Studio MayCreate","robots":{"index":"index","follow":"follow","max-snippet":"max-snippet:-1","max-image-preview":"max-image-preview:large","max-video-preview":"max-video-preview:-1"},"canonical":"https:\/\/www.maycreate.si\/sl\/storitve\/pisanje-vsebin\/","og_locale":"sl_SI","og_type":"article","og_title":"Pisanje vsebin - Studio MayCreate","og_description":"STORITVE Pisanje vsebin Pisanje vsebin je kreativni proces, pri katerem mora ustvarjalec dobro razumeti vsebino o kateri pi\u0161e ter \u0161e pomembneje \u2013 u\u017eivati mora v svojem delu. Kako pomembna je pravzaprav vsebina? Predstavljajte si knjigo brez besedila ali spletne brskalnike, na katerih najdete le slike. Vsebina je pomembnej\u0161a, kot se zdi na prvi pogled. Kak\u0161ne [&hellip;]","og_url":"https:\/\/www.maycreate.si\/sl\/storitve\/pisanje-vsebin\/","og_site_name":"Studio MayCreate","article_modified_time":"2019-11-11T14:05:39+00:00","twitter_card":"summary_large_image","twitter_misc":{"Est. reading time":"1 minuta"},"schema":{"@context":"https:\/\/schema.org","@graph":[{"@type":"WebPage","@id":"https:\/\/www.maycreate.si\/sl\/storitve\/pisanje-vsebin\/","url":"https:\/\/www.maycreate.si\/sl\/storitve\/pisanje-vsebin\/","name":"Pisanje vsebin - Studio MayCreate","isPartOf":{"@id":"https:\/\/www.maycreate.si\/sl\/#website"},"datePublished":"2019-03-17T18:03:32+00:00","dateModified":"2019-11-11T14:05:39+00:00","breadcrumb":{"@id":"https:\/\/www.maycreate.si\/sl\/storitve\/pisanje-vsebin\/#breadcrumb"},"inLanguage":"sl-SI","potentialAction":[{"@type":"ReadAction","target":["https:\/\/www.maycreate.si\/sl\/storitve\/pisanje-vsebin\/"]}]},{"@type":"BreadcrumbList","@id":"https:\/\/www.maycreate.si\/sl\/storitve\/pisanje-vsebin\/#breadcrumb","itemListElement":[{"@type":"ListItem","position":1,"name":"Home","item":"https:\/\/www.maycreate.si\/sl\/"},{"@type":"ListItem","position":2,"name":"Storitve","item":"https:\/\/www.maycreate.si\/sl\/storitve\/"},{"@type":"ListItem","position":3,"name":"Pisanje vsebin"}]},{"@type":"WebSite","@id":"https:\/\/www.maycreate.si\/sl\/#website","url":"https:\/\/www.maycreate.si\/sl\/","name":"Studio MayCreate","description":"May We Create For You","publisher":{"@id":"https:\/\/www.maycreate.si\/sl\/#organization"},"potentialAction":[{"@type":"SearchAction","target":{"@type":"EntryPoint","urlTemplate":"https:\/\/www.maycreate.si\/sl\/?s={search_term_string}"},"query-input":{"@type":"PropertyValueSpecification","valueRequired":true,"valueName":"search_term_string"}}],"inLanguage":"sl-SI"},{"@type":"Organization","@id":"https:\/\/www.maycreate.si\/sl\/#organization","name":"Studio MayCreate","url":"https:\/\/www.maycreate.si\/sl\/","logo":{"@type":"ImageObject","inLanguage":"sl-SI","@id":"https:\/\/www.maycreate.si\/sl\/#\/schema\/logo\/image\/","url":"https:\/\/www.maycreate.si\/wp-content\/uploads\/2019\/04\/MayCreateSek2.png","contentUrl":"https:\/\/www.maycreate.si\/wp-content\/uploads\/2019\/04\/MayCreateSek2.png","width":500,"height":146,"caption":"Studio MayCreate"},"image":{"@id":"https:\/\/www.maycreate.si\/sl\/#\/schema\/logo\/image\/"}}]}},"_links":{"self":[{"href":"https:\/\/www.maycreate.si\/sl\/wp-json\/wp\/v2\/pages\/783","targetHints":{"allow":["GET"]}}],"collection":[{"href":"https:\/\/www.maycreate.si\/sl\/wp-json\/wp\/v2\/pages"}],"about":[{"href":"https:\/\/www.maycreate.si\/sl\/wp-json\/wp\/v2\/types\/page"}],"author":[{"embeddable":true,"href":"https:\/\/www.maycreate.si\/sl\/wp-json\/wp\/v2\/users\/1"}],"replies":[{"embeddable":true,"href":"https:\/\/www.maycreate.si\/sl\/wp-json\/wp\/v2\/comments?post=783"}],"version-history":[{"count":0,"href":"https:\/\/www.maycreate.si\/sl\/wp-json\/wp\/v2\/pages\/783\/revisions"}],"up":[{"embeddable":true,"href":"https:\/\/www.maycreate.si\/sl\/wp-json\/wp\/v2\/pages\/791"}],"wp:attachment":[{"href":"https:\/\/www.maycreate.si\/sl\/wp-json\/wp\/v2\/media?parent=783"}],"curies":[{"name":"wp","href":"https:\/\/api.w.org\/{rel}","templated":true}]}}