{"id":840,"date":"2019-03-17T19:03:45","date_gmt":"2019-03-17T18:03:45","guid":{"rendered":"https:\/\/www.maycreate.si\/storitve\/promocijski-materiali\/"},"modified":"2021-05-18T12:49:22","modified_gmt":"2021-05-18T10:49:22","slug":"upravljanje-socialnih-omrezij","status":"publish","type":"page","link":"https:\/\/www.maycreate.si\/sl\/storitve\/upravljanje-socialnih-omrezij\/","title":{"rendered":"Upravljanje socialnih omre\u017eij"},"content":{"rendered":"\t\t<div data-elementor-type=\"wp-post\" data-elementor-id=\"840\" class=\"elementor elementor-840 elementor-449\">\n\t\t\t\t\t\t<section class=\"elementor-section elementor-top-section elementor-element elementor-element-4112e4a3 elementor-section-content-middle elementor-section-boxed elementor-section-height-default elementor-section-height-default\" data-id=\"4112e4a3\" data-element_type=\"section\">\n\t\t\t\t\t\t<div class=\"elementor-container elementor-column-gap-no\">\n\t\t\t\t\t<div class=\"elementor-column elementor-col-50 elementor-top-column elementor-element elementor-element-3bee80eb\" data-id=\"3bee80eb\" data-element_type=\"column\">\n\t\t\t<div class=\"elementor-widget-wrap elementor-element-populated\">\n\t\t\t\t\t\t<div class=\"elementor-element elementor-element-6cdd44d9 elementor-widget elementor-widget-text-editor\" data-id=\"6cdd44d9\" data-element_type=\"widget\" data-widget_type=\"text-editor.default\">\n\t\t\t\t<div class=\"elementor-widget-container\">\n\t\t\t\t\t\t\t\t\t<p>STORITVE<\/p>\n\t\t\t\t\t\t\t\t<\/div>\n\t\t\t\t<\/div>\n\t\t\t\t<div class=\"elementor-element elementor-element-e502d9d elementor-widget elementor-widget-heading\" data-id=\"e502d9d\" data-element_type=\"widget\" data-widget_type=\"heading.default\">\n\t\t\t\t<div class=\"elementor-widget-container\">\n\t\t\t\t\t<h2 class=\"elementor-heading-title elementor-size-large\">UPRAVLJANJE SOCIALNIH OMRE\u017dIJ<\/h2>\t\t\t\t<\/div>\n\t\t\t\t<\/div>\n\t\t\t\t<div class=\"elementor-element elementor-element-7f880cd elementor-widget-divider--view-line elementor-widget elementor-widget-divider\" data-id=\"7f880cd\" data-element_type=\"widget\" data-widget_type=\"divider.default\">\n\t\t\t\t<div class=\"elementor-widget-container\">\n\t\t\t\t\t\t\t<div class=\"elementor-divider\">\n\t\t\t<span class=\"elementor-divider-separator\">\n\t\t\t\t\t\t<\/span>\n\t\t<\/div>\n\t\t\t\t\t\t<\/div>\n\t\t\t\t<\/div>\n\t\t\t\t\t<\/div>\n\t\t<\/div>\n\t\t\t\t<div class=\"elementor-column elementor-col-50 elementor-top-column elementor-element elementor-element-60e01997\" data-id=\"60e01997\" data-element_type=\"column\">\n\t\t\t<div class=\"elementor-widget-wrap elementor-element-populated\">\n\t\t\t\t\t\t<div class=\"elementor-element elementor-element-53072752 elementor-widget elementor-widget-text-editor\" data-id=\"53072752\" data-element_type=\"widget\" data-widget_type=\"text-editor.default\">\n\t\t\t\t<div class=\"elementor-widget-container\">\n\t\t\t\t\t\t\t\t\tSocialna omre\u017eja so danes postala del na\u0161ega vsakdana. Postala so nekaj, kar je \u00bbmust-have\u00ab za obstoje\u010da podjetja in \u0161e toliko bolj pomemben medij za podjetja, ki se \u0161ele uveljavljajo in i\u0161\u010dejo svoj prostor pod soncem.\t\t\t\t\t\t\t\t<\/div>\n\t\t\t\t<\/div>\n\t\t\t\t<div class=\"elementor-element elementor-element-3c749e68 elementor-widget elementor-widget-text-editor\" data-id=\"3c749e68\" data-element_type=\"widget\" data-widget_type=\"text-editor.default\">\n\t\t\t\t<div class=\"elementor-widget-container\">\n\t\t\t\t\t\t\t\t\t<p>Marketing prek kanalov socialnih omre\u017eij je lahko izjemno mo\u010dno in uspe\u0161no orodje, \u010de se potencialne stranke, kupce in sledilce nagovori na pravi na\u010din.<\/p><p>Va\u0161a socialna omre\u017eja morajo izstopati, biti druga\u010dna od konkurence, morajo biti unikatna ter vsekakor zadovoljivo predstavljati va\u0161o znamko ali podjetje.<\/p><p>Tukaj se na\u0161e poti prekri\u017eajo \u2013 midva ustvarjava prav take zgodbe, take profile ter se vedno trudimo najti najprimernej\u0161i na\u010din komunikacije za va\u0161e potencialne stranke.<\/p><p>USTVARI SI PREDNOST \u2013 in to\u010dno to sva naredila. Ne le, da skrbiva za upravljanje va\u0161ih socialnih omre\u017eij, na voljo imava <strong>paket<\/strong>, ki vklju\u010duje tudi<strong> enkrat mese\u010dno slikanje ali snemanje za potrebe va\u0161ih socialnih omre\u017eij!<\/strong><\/p>\t\t\t\t\t\t\t\t<\/div>\n\t\t\t\t<\/div>\n\t\t\t\t\t<\/div>\n\t\t<\/div>\n\t\t\t\t\t<\/div>\n\t\t<\/section>\n\t\t\t\t<\/div>\n\t\t","protected":false},"excerpt":{"rendered":"<p>STORITVE UPRAVLJANJE SOCIALNIH OMRE\u017dIJ Socialna omre\u017eja so danes postala del na\u0161ega vsakdana. Postala so nekaj, kar je \u00bbmust-have\u00ab za obstoje\u010da podjetja in \u0161e toliko bolj pomemben medij za podjetja, ki se \u0161ele uveljavljajo in i\u0161\u010dejo svoj prostor pod soncem. Marketing prek kanalov socialnih omre\u017eij je lahko izjemno mo\u010dno in uspe\u0161no orodje, \u010de se potencialne stranke, [&hellip;]<\/p>\n","protected":false},"author":1,"featured_media":0,"parent":791,"menu_order":0,"comment_status":"closed","ping_status":"closed","template":"","meta":{"ocean_post_layout":"","ocean_both_sidebars_style":"","ocean_both_sidebars_content_width":0,"ocean_both_sidebars_sidebars_width":0,"ocean_sidebar":"0","ocean_second_sidebar":"0","ocean_disable_margins":"enable","ocean_add_body_class":"","ocean_shortcode_before_top_bar":"","ocean_shortcode_after_top_bar":"","ocean_shortcode_before_header":"","ocean_shortcode_after_header":"","ocean_has_shortcode":"","ocean_shortcode_after_title":"","ocean_shortcode_before_footer_widgets":"","ocean_shortcode_after_footer_widgets":"","ocean_shortcode_before_footer_bottom":"","ocean_shortcode_after_footer_bottom":"","ocean_display_top_bar":"default","ocean_display_header":"default","ocean_header_style":"","ocean_center_header_left_menu":"0","ocean_custom_header_template":"0","ocean_custom_logo":0,"ocean_custom_retina_logo":0,"ocean_custom_logo_max_width":0,"ocean_custom_logo_tablet_max_width":0,"ocean_custom_logo_mobile_max_width":0,"ocean_custom_logo_max_height":0,"ocean_custom_logo_tablet_max_height":0,"ocean_custom_logo_mobile_max_height":0,"ocean_header_custom_menu":"0","ocean_menu_typo_font_family":"0","ocean_menu_typo_font_subset":"","ocean_menu_typo_font_size":0,"ocean_menu_typo_font_size_tablet":0,"ocean_menu_typo_font_size_mobile":0,"ocean_menu_typo_font_size_unit":"px","ocean_menu_typo_font_weight":"","ocean_menu_typo_font_weight_tablet":"","ocean_menu_typo_font_weight_mobile":"","ocean_menu_typo_transform":"","ocean_menu_typo_transform_tablet":"","ocean_menu_typo_transform_mobile":"","ocean_menu_typo_line_height":0,"ocean_menu_typo_line_height_tablet":0,"ocean_menu_typo_line_height_mobile":0,"ocean_menu_typo_line_height_unit":"","ocean_menu_typo_spacing":0,"ocean_menu_typo_spacing_tablet":0,"ocean_menu_typo_spacing_mobile":0,"ocean_menu_typo_spacing_unit":"","ocean_menu_link_color":"","ocean_menu_link_color_hover":"","ocean_menu_link_color_active":"","ocean_menu_link_background":"","ocean_menu_link_hover_background":"","ocean_menu_link_active_background":"","ocean_menu_social_links_bg":"","ocean_menu_social_hover_links_bg":"","ocean_menu_social_links_color":"","ocean_menu_social_hover_links_color":"","ocean_disable_title":"default","ocean_disable_heading":"default","ocean_post_title":"","ocean_post_subheading":"","ocean_post_title_style":"","ocean_post_title_background_color":"","ocean_post_title_background":0,"ocean_post_title_bg_image_position":"","ocean_post_title_bg_image_attachment":"","ocean_post_title_bg_image_repeat":"","ocean_post_title_bg_image_size":"","ocean_post_title_height":0,"ocean_post_title_bg_overlay":0.5,"ocean_post_title_bg_overlay_color":"","ocean_disable_breadcrumbs":"default","ocean_breadcrumbs_color":"","ocean_breadcrumbs_separator_color":"","ocean_breadcrumbs_links_color":"","ocean_breadcrumbs_links_hover_color":"","ocean_display_footer_widgets":"default","ocean_display_footer_bottom":"default","ocean_custom_footer_template":"0","footnotes":""},"class_list":["post-840","page","type-page","status-publish","hentry","entry"],"yoast_head":"<!-- This site is optimized with the Yoast SEO plugin v24.9 - https:\/\/yoast.com\/wordpress\/plugins\/seo\/ -->\n<title>Upravljanje socialnih omre\u017eij - Studio MayCreate<\/title>\n<meta name=\"robots\" content=\"index, follow, max-snippet:-1, max-image-preview:large, max-video-preview:-1\" \/>\n<link rel=\"canonical\" href=\"https:\/\/www.maycreate.si\/sl\/storitve\/upravljanje-socialnih-omrezij\/\" \/>\n<meta property=\"og:locale\" content=\"sl_SI\" \/>\n<meta property=\"og:type\" content=\"article\" \/>\n<meta property=\"og:title\" content=\"Upravljanje socialnih omre\u017eij - Studio MayCreate\" \/>\n<meta property=\"og:description\" content=\"STORITVE UPRAVLJANJE SOCIALNIH OMRE\u017dIJ Socialna omre\u017eja so danes postala del na\u0161ega vsakdana. Postala so nekaj, kar je \u00bbmust-have\u00ab za obstoje\u010da podjetja in \u0161e toliko bolj pomemben medij za podjetja, ki se \u0161ele uveljavljajo in i\u0161\u010dejo svoj prostor pod soncem. Marketing prek kanalov socialnih omre\u017eij je lahko izjemno mo\u010dno in uspe\u0161no orodje, \u010de se potencialne stranke, [&hellip;]\" \/>\n<meta property=\"og:url\" content=\"https:\/\/www.maycreate.si\/sl\/storitve\/upravljanje-socialnih-omrezij\/\" \/>\n<meta property=\"og:site_name\" content=\"Studio MayCreate\" \/>\n<meta property=\"article:modified_time\" content=\"2021-05-18T10:49:22+00:00\" \/>\n<meta name=\"twitter:card\" content=\"summary_large_image\" \/>\n<meta name=\"twitter:label1\" content=\"Est. reading time\" \/>\n\t<meta name=\"twitter:data1\" content=\"1 minuta\" \/>\n<script type=\"application\/ld+json\" class=\"yoast-schema-graph\">{\"@context\":\"https:\/\/schema.org\",\"@graph\":[{\"@type\":\"WebPage\",\"@id\":\"https:\/\/www.maycreate.si\/sl\/storitve\/upravljanje-socialnih-omrezij\/\",\"url\":\"https:\/\/www.maycreate.si\/sl\/storitve\/upravljanje-socialnih-omrezij\/\",\"name\":\"Upravljanje socialnih omre\u017eij - Studio MayCreate\",\"isPartOf\":{\"@id\":\"https:\/\/www.maycreate.si\/sl\/#website\"},\"datePublished\":\"2019-03-17T18:03:45+00:00\",\"dateModified\":\"2021-05-18T10:49:22+00:00\",\"breadcrumb\":{\"@id\":\"https:\/\/www.maycreate.si\/sl\/storitve\/upravljanje-socialnih-omrezij\/#breadcrumb\"},\"inLanguage\":\"sl-SI\",\"potentialAction\":[{\"@type\":\"ReadAction\",\"target\":[\"https:\/\/www.maycreate.si\/sl\/storitve\/upravljanje-socialnih-omrezij\/\"]}]},{\"@type\":\"BreadcrumbList\",\"@id\":\"https:\/\/www.maycreate.si\/sl\/storitve\/upravljanje-socialnih-omrezij\/#breadcrumb\",\"itemListElement\":[{\"@type\":\"ListItem\",\"position\":1,\"name\":\"Home\",\"item\":\"https:\/\/www.maycreate.si\/sl\/\"},{\"@type\":\"ListItem\",\"position\":2,\"name\":\"Storitve\",\"item\":\"https:\/\/www.maycreate.si\/sl\/storitve\/\"},{\"@type\":\"ListItem\",\"position\":3,\"name\":\"Upravljanje socialnih omre\u017eij\"}]},{\"@type\":\"WebSite\",\"@id\":\"https:\/\/www.maycreate.si\/sl\/#website\",\"url\":\"https:\/\/www.maycreate.si\/sl\/\",\"name\":\"Studio MayCreate\",\"description\":\"May We Create For You\",\"publisher\":{\"@id\":\"https:\/\/www.maycreate.si\/sl\/#organization\"},\"potentialAction\":[{\"@type\":\"SearchAction\",\"target\":{\"@type\":\"EntryPoint\",\"urlTemplate\":\"https:\/\/www.maycreate.si\/sl\/?s={search_term_string}\"},\"query-input\":{\"@type\":\"PropertyValueSpecification\",\"valueRequired\":true,\"valueName\":\"search_term_string\"}}],\"inLanguage\":\"sl-SI\"},{\"@type\":\"Organization\",\"@id\":\"https:\/\/www.maycreate.si\/sl\/#organization\",\"name\":\"Studio MayCreate\",\"url\":\"https:\/\/www.maycreate.si\/sl\/\",\"logo\":{\"@type\":\"ImageObject\",\"inLanguage\":\"sl-SI\",\"@id\":\"https:\/\/www.maycreate.si\/sl\/#\/schema\/logo\/image\/\",\"url\":\"https:\/\/www.maycreate.si\/wp-content\/uploads\/2019\/04\/MayCreateSek2.png\",\"contentUrl\":\"https:\/\/www.maycreate.si\/wp-content\/uploads\/2019\/04\/MayCreateSek2.png\",\"width\":500,\"height\":146,\"caption\":\"Studio MayCreate\"},\"image\":{\"@id\":\"https:\/\/www.maycreate.si\/sl\/#\/schema\/logo\/image\/\"}}]}<\/script>\n<!-- \/ Yoast SEO plugin. -->","yoast_head_json":{"title":"Upravljanje socialnih omre\u017eij - Studio MayCreate","robots":{"index":"index","follow":"follow","max-snippet":"max-snippet:-1","max-image-preview":"max-image-preview:large","max-video-preview":"max-video-preview:-1"},"canonical":"https:\/\/www.maycreate.si\/sl\/storitve\/upravljanje-socialnih-omrezij\/","og_locale":"sl_SI","og_type":"article","og_title":"Upravljanje socialnih omre\u017eij - Studio MayCreate","og_description":"STORITVE UPRAVLJANJE SOCIALNIH OMRE\u017dIJ Socialna omre\u017eja so danes postala del na\u0161ega vsakdana. Postala so nekaj, kar je \u00bbmust-have\u00ab za obstoje\u010da podjetja in \u0161e toliko bolj pomemben medij za podjetja, ki se \u0161ele uveljavljajo in i\u0161\u010dejo svoj prostor pod soncem. Marketing prek kanalov socialnih omre\u017eij je lahko izjemno mo\u010dno in uspe\u0161no orodje, \u010de se potencialne stranke, [&hellip;]","og_url":"https:\/\/www.maycreate.si\/sl\/storitve\/upravljanje-socialnih-omrezij\/","og_site_name":"Studio MayCreate","article_modified_time":"2021-05-18T10:49:22+00:00","twitter_card":"summary_large_image","twitter_misc":{"Est. reading time":"1 minuta"},"schema":{"@context":"https:\/\/schema.org","@graph":[{"@type":"WebPage","@id":"https:\/\/www.maycreate.si\/sl\/storitve\/upravljanje-socialnih-omrezij\/","url":"https:\/\/www.maycreate.si\/sl\/storitve\/upravljanje-socialnih-omrezij\/","name":"Upravljanje socialnih omre\u017eij - Studio MayCreate","isPartOf":{"@id":"https:\/\/www.maycreate.si\/sl\/#website"},"datePublished":"2019-03-17T18:03:45+00:00","dateModified":"2021-05-18T10:49:22+00:00","breadcrumb":{"@id":"https:\/\/www.maycreate.si\/sl\/storitve\/upravljanje-socialnih-omrezij\/#breadcrumb"},"inLanguage":"sl-SI","potentialAction":[{"@type":"ReadAction","target":["https:\/\/www.maycreate.si\/sl\/storitve\/upravljanje-socialnih-omrezij\/"]}]},{"@type":"BreadcrumbList","@id":"https:\/\/www.maycreate.si\/sl\/storitve\/upravljanje-socialnih-omrezij\/#breadcrumb","itemListElement":[{"@type":"ListItem","position":1,"name":"Home","item":"https:\/\/www.maycreate.si\/sl\/"},{"@type":"ListItem","position":2,"name":"Storitve","item":"https:\/\/www.maycreate.si\/sl\/storitve\/"},{"@type":"ListItem","position":3,"name":"Upravljanje socialnih omre\u017eij"}]},{"@type":"WebSite","@id":"https:\/\/www.maycreate.si\/sl\/#website","url":"https:\/\/www.maycreate.si\/sl\/","name":"Studio MayCreate","description":"May We Create For You","publisher":{"@id":"https:\/\/www.maycreate.si\/sl\/#organization"},"potentialAction":[{"@type":"SearchAction","target":{"@type":"EntryPoint","urlTemplate":"https:\/\/www.maycreate.si\/sl\/?s={search_term_string}"},"query-input":{"@type":"PropertyValueSpecification","valueRequired":true,"valueName":"search_term_string"}}],"inLanguage":"sl-SI"},{"@type":"Organization","@id":"https:\/\/www.maycreate.si\/sl\/#organization","name":"Studio MayCreate","url":"https:\/\/www.maycreate.si\/sl\/","logo":{"@type":"ImageObject","inLanguage":"sl-SI","@id":"https:\/\/www.maycreate.si\/sl\/#\/schema\/logo\/image\/","url":"https:\/\/www.maycreate.si\/wp-content\/uploads\/2019\/04\/MayCreateSek2.png","contentUrl":"https:\/\/www.maycreate.si\/wp-content\/uploads\/2019\/04\/MayCreateSek2.png","width":500,"height":146,"caption":"Studio MayCreate"},"image":{"@id":"https:\/\/www.maycreate.si\/sl\/#\/schema\/logo\/image\/"}}]}},"_links":{"self":[{"href":"https:\/\/www.maycreate.si\/sl\/wp-json\/wp\/v2\/pages\/840","targetHints":{"allow":["GET"]}}],"collection":[{"href":"https:\/\/www.maycreate.si\/sl\/wp-json\/wp\/v2\/pages"}],"about":[{"href":"https:\/\/www.maycreate.si\/sl\/wp-json\/wp\/v2\/types\/page"}],"author":[{"embeddable":true,"href":"https:\/\/www.maycreate.si\/sl\/wp-json\/wp\/v2\/users\/1"}],"replies":[{"embeddable":true,"href":"https:\/\/www.maycreate.si\/sl\/wp-json\/wp\/v2\/comments?post=840"}],"version-history":[{"count":0,"href":"https:\/\/www.maycreate.si\/sl\/wp-json\/wp\/v2\/pages\/840\/revisions"}],"up":[{"embeddable":true,"href":"https:\/\/www.maycreate.si\/sl\/wp-json\/wp\/v2\/pages\/791"}],"wp:attachment":[{"href":"https:\/\/www.maycreate.si\/sl\/wp-json\/wp\/v2\/media?parent=840"}],"curies":[{"name":"wp","href":"https:\/\/api.w.org\/{rel}","templated":true}]}}