{"id":855,"date":"2019-03-17T19:03:50","date_gmt":"2019-03-17T18:03:50","guid":{"rendered":"https:\/\/www.maycreate.si\/storitve\/organizacija-dogodkov\/"},"modified":"2019-11-11T15:05:17","modified_gmt":"2019-11-11T14:05:17","slug":"organizacija-dogodkov","status":"publish","type":"page","link":"https:\/\/www.maycreate.si\/sl\/storitve\/organizacija-dogodkov\/","title":{"rendered":"Organizacija dogodkov"},"content":{"rendered":"\t\t<div data-elementor-type=\"wp-post\" data-elementor-id=\"855\" class=\"elementor elementor-855 elementor-442\">\n\t\t\t\t\t\t<section class=\"elementor-section elementor-top-section elementor-element elementor-element-4112e4a3 elementor-section-content-middle elementor-section-boxed elementor-section-height-default elementor-section-height-default\" data-id=\"4112e4a3\" data-element_type=\"section\">\n\t\t\t\t\t\t<div class=\"elementor-container elementor-column-gap-no\">\n\t\t\t\t\t<div class=\"elementor-column elementor-col-50 elementor-top-column elementor-element elementor-element-3bee80eb\" data-id=\"3bee80eb\" data-element_type=\"column\">\n\t\t\t<div class=\"elementor-widget-wrap elementor-element-populated\">\n\t\t\t\t\t\t<div class=\"elementor-element elementor-element-6cdd44d9 elementor-widget elementor-widget-text-editor\" data-id=\"6cdd44d9\" data-element_type=\"widget\" data-widget_type=\"text-editor.default\">\n\t\t\t\t<div class=\"elementor-widget-container\">\n\t\t\t\t\t\t\t\t\t<p>STORITVE<\/p>\n\t\t\t\t\t\t\t\t<\/div>\n\t\t\t\t<\/div>\n\t\t\t\t<div class=\"elementor-element elementor-element-e502d9d elementor-widget elementor-widget-heading\" data-id=\"e502d9d\" data-element_type=\"widget\" data-widget_type=\"heading.default\">\n\t\t\t\t<div class=\"elementor-widget-container\">\n\t\t\t\t\t<h2 class=\"elementor-heading-title elementor-size-large\">Organizacija dogodkov<\/h2>\t\t\t\t<\/div>\n\t\t\t\t<\/div>\n\t\t\t\t<div class=\"elementor-element elementor-element-7f880cd elementor-widget-divider--view-line elementor-widget elementor-widget-divider\" data-id=\"7f880cd\" data-element_type=\"widget\" data-widget_type=\"divider.default\">\n\t\t\t\t<div class=\"elementor-widget-container\">\n\t\t\t\t\t\t\t<div class=\"elementor-divider\">\n\t\t\t<span class=\"elementor-divider-separator\">\n\t\t\t\t\t\t<\/span>\n\t\t<\/div>\n\t\t\t\t\t\t<\/div>\n\t\t\t\t<\/div>\n\t\t\t\t\t<\/div>\n\t\t<\/div>\n\t\t\t\t<div class=\"elementor-column elementor-col-50 elementor-top-column elementor-element elementor-element-60e01997\" data-id=\"60e01997\" data-element_type=\"column\">\n\t\t\t<div class=\"elementor-widget-wrap elementor-element-populated\">\n\t\t\t\t\t\t<div class=\"elementor-element elementor-element-53072752 elementor-widget elementor-widget-text-editor\" data-id=\"53072752\" data-element_type=\"widget\" data-widget_type=\"text-editor.default\">\n\t\t\t\t<div class=\"elementor-widget-container\">\n\t\t\t\t\t\t\t\t\t<p>Klju\u010dni dejavniki vsakega dogodka so dobra organizacija, kakovostna izvedba ter energija, ki jo ta iz\u017eareva.<\/p>\t\t\t\t\t\t\t\t<\/div>\n\t\t\t\t<\/div>\n\t\t\t\t<div class=\"elementor-element elementor-element-3c749e68 elementor-widget elementor-widget-text-editor\" data-id=\"3c749e68\" data-element_type=\"widget\" data-widget_type=\"text-editor.default\">\n\t\t\t\t<div class=\"elementor-widget-container\">\n\t\t\t\t\t\t\t\t\t<p>Organizacijo dogodkov bi si dovolila opisati kot proces, v katerem se rodi ideja, kreativna zasnova ter priprava kakovostnega strate\u0161kega plana. Vsak dogodek mora biti na\u010drtovan in pripravljen z dobro mero potrpe\u017eljivosti, kreativnosti in dobro postavljenih na\u010drtov. Vseeno pa je treba znati odreagirati hitro, saj so to podro\u010dja, kjer te ne sme biti strah improvizacije ter nepredvidljivih dejavnikov.<\/p><p>Vsak dogodek predstavlja svojo edinstveno zgodbo, temu primeren je tudi pripravljalni proces, ki stoji za tem. Zato se potrudiva vsak dogodek pripraviti na svojevrsten na\u010din ter mu na kreativen in druga\u010den na\u010din dodati vse elemente, ki jih je naro\u010dnik zahteval. Verjameva, da le tako lahko dogodek dose\u017ee nivo in izvedbo, ki si si ga je naro\u010dnik zamislil.<\/p><p>Organizacija raznih dogodkov je del najinih poslovnih poti \u017ee skoraj od za\u010detka in tak\u0161ni projekti naju vedno razveselijo. Kot \u010de\u0161njica na vrhu torte.<\/p>\t\t\t\t\t\t\t\t<\/div>\n\t\t\t\t<\/div>\n\t\t\t\t\t<\/div>\n\t\t<\/div>\n\t\t\t\t\t<\/div>\n\t\t<\/section>\n\t\t\t\t<\/div>\n\t\t","protected":false},"excerpt":{"rendered":"<p>STORITVE Organizacija dogodkov Klju\u010dni dejavniki vsakega dogodka so dobra organizacija, kakovostna izvedba ter energija, ki jo ta iz\u017eareva. Organizacijo dogodkov bi si dovolila opisati kot proces, v katerem se rodi ideja, kreativna zasnova ter priprava kakovostnega strate\u0161kega plana. Vsak dogodek mora biti na\u010drtovan in pripravljen z dobro mero potrpe\u017eljivosti, kreativnosti in dobro postavljenih na\u010drtov. Vseeno [&hellip;]<\/p>\n","protected":false},"author":1,"featured_media":0,"parent":791,"menu_order":0,"comment_status":"closed","ping_status":"closed","template":"","meta":{"ocean_post_layout":"","ocean_both_sidebars_style":"","ocean_both_sidebars_content_width":0,"ocean_both_sidebars_sidebars_width":0,"ocean_sidebar":"0","ocean_second_sidebar":"0","ocean_disable_margins":"enable","ocean_add_body_class":"","ocean_shortcode_before_top_bar":"","ocean_shortcode_after_top_bar":"","ocean_shortcode_before_header":"","ocean_shortcode_after_header":"","ocean_has_shortcode":"","ocean_shortcode_after_title":"","ocean_shortcode_before_footer_widgets":"","ocean_shortcode_after_footer_widgets":"","ocean_shortcode_before_footer_bottom":"","ocean_shortcode_after_footer_bottom":"","ocean_display_top_bar":"default","ocean_display_header":"default","ocean_header_style":"","ocean_center_header_left_menu":"0","ocean_custom_header_template":"0","ocean_custom_logo":0,"ocean_custom_retina_logo":0,"ocean_custom_logo_max_width":0,"ocean_custom_logo_tablet_max_width":0,"ocean_custom_logo_mobile_max_width":0,"ocean_custom_logo_max_height":0,"ocean_custom_logo_tablet_max_height":0,"ocean_custom_logo_mobile_max_height":0,"ocean_header_custom_menu":"0","ocean_menu_typo_font_family":"0","ocean_menu_typo_font_subset":"","ocean_menu_typo_font_size":0,"ocean_menu_typo_font_size_tablet":0,"ocean_menu_typo_font_size_mobile":0,"ocean_menu_typo_font_size_unit":"px","ocean_menu_typo_font_weight":"","ocean_menu_typo_font_weight_tablet":"","ocean_menu_typo_font_weight_mobile":"","ocean_menu_typo_transform":"","ocean_menu_typo_transform_tablet":"","ocean_menu_typo_transform_mobile":"","ocean_menu_typo_line_height":0,"ocean_menu_typo_line_height_tablet":0,"ocean_menu_typo_line_height_mobile":0,"ocean_menu_typo_line_height_unit":"","ocean_menu_typo_spacing":0,"ocean_menu_typo_spacing_tablet":0,"ocean_menu_typo_spacing_mobile":0,"ocean_menu_typo_spacing_unit":"","ocean_menu_link_color":"","ocean_menu_link_color_hover":"","ocean_menu_link_color_active":"","ocean_menu_link_background":"","ocean_menu_link_hover_background":"","ocean_menu_link_active_background":"","ocean_menu_social_links_bg":"","ocean_menu_social_hover_links_bg":"","ocean_menu_social_links_color":"","ocean_menu_social_hover_links_color":"","ocean_disable_title":"default","ocean_disable_heading":"default","ocean_post_title":"","ocean_post_subheading":"","ocean_post_title_style":"","ocean_post_title_background_color":"","ocean_post_title_background":0,"ocean_post_title_bg_image_position":"","ocean_post_title_bg_image_attachment":"","ocean_post_title_bg_image_repeat":"","ocean_post_title_bg_image_size":"","ocean_post_title_height":0,"ocean_post_title_bg_overlay":0.5,"ocean_post_title_bg_overlay_color":"","ocean_disable_breadcrumbs":"default","ocean_breadcrumbs_color":"","ocean_breadcrumbs_separator_color":"","ocean_breadcrumbs_links_color":"","ocean_breadcrumbs_links_hover_color":"","ocean_display_footer_widgets":"default","ocean_display_footer_bottom":"default","ocean_custom_footer_template":"0","footnotes":""},"class_list":["post-855","page","type-page","status-publish","hentry","entry"],"yoast_head":"<!-- This site is optimized with the Yoast SEO plugin v24.9 - https:\/\/yoast.com\/wordpress\/plugins\/seo\/ -->\n<title>Organizacija dogodkov - Studio MayCreate<\/title>\n<meta name=\"robots\" content=\"index, follow, max-snippet:-1, max-image-preview:large, max-video-preview:-1\" \/>\n<link rel=\"canonical\" href=\"https:\/\/www.maycreate.si\/sl\/storitve\/organizacija-dogodkov\/\" \/>\n<meta property=\"og:locale\" content=\"sl_SI\" \/>\n<meta property=\"og:type\" content=\"article\" \/>\n<meta property=\"og:title\" content=\"Organizacija dogodkov - Studio MayCreate\" \/>\n<meta property=\"og:description\" content=\"STORITVE Organizacija dogodkov Klju\u010dni dejavniki vsakega dogodka so dobra organizacija, kakovostna izvedba ter energija, ki jo ta iz\u017eareva. Organizacijo dogodkov bi si dovolila opisati kot proces, v katerem se rodi ideja, kreativna zasnova ter priprava kakovostnega strate\u0161kega plana. Vsak dogodek mora biti na\u010drtovan in pripravljen z dobro mero potrpe\u017eljivosti, kreativnosti in dobro postavljenih na\u010drtov. Vseeno [&hellip;]\" \/>\n<meta property=\"og:url\" content=\"https:\/\/www.maycreate.si\/sl\/storitve\/organizacija-dogodkov\/\" \/>\n<meta property=\"og:site_name\" content=\"Studio MayCreate\" \/>\n<meta property=\"article:modified_time\" content=\"2019-11-11T14:05:17+00:00\" \/>\n<meta name=\"twitter:card\" content=\"summary_large_image\" \/>\n<meta name=\"twitter:label1\" content=\"Est. reading time\" \/>\n\t<meta name=\"twitter:data1\" content=\"1 minuta\" \/>\n<script type=\"application\/ld+json\" class=\"yoast-schema-graph\">{\"@context\":\"https:\/\/schema.org\",\"@graph\":[{\"@type\":\"WebPage\",\"@id\":\"https:\/\/www.maycreate.si\/sl\/storitve\/organizacija-dogodkov\/\",\"url\":\"https:\/\/www.maycreate.si\/sl\/storitve\/organizacija-dogodkov\/\",\"name\":\"Organizacija dogodkov - Studio MayCreate\",\"isPartOf\":{\"@id\":\"https:\/\/www.maycreate.si\/sl\/#website\"},\"datePublished\":\"2019-03-17T18:03:50+00:00\",\"dateModified\":\"2019-11-11T14:05:17+00:00\",\"breadcrumb\":{\"@id\":\"https:\/\/www.maycreate.si\/sl\/storitve\/organizacija-dogodkov\/#breadcrumb\"},\"inLanguage\":\"sl-SI\",\"potentialAction\":[{\"@type\":\"ReadAction\",\"target\":[\"https:\/\/www.maycreate.si\/sl\/storitve\/organizacija-dogodkov\/\"]}]},{\"@type\":\"BreadcrumbList\",\"@id\":\"https:\/\/www.maycreate.si\/sl\/storitve\/organizacija-dogodkov\/#breadcrumb\",\"itemListElement\":[{\"@type\":\"ListItem\",\"position\":1,\"name\":\"Home\",\"item\":\"https:\/\/www.maycreate.si\/sl\/\"},{\"@type\":\"ListItem\",\"position\":2,\"name\":\"Storitve\",\"item\":\"https:\/\/www.maycreate.si\/sl\/storitve\/\"},{\"@type\":\"ListItem\",\"position\":3,\"name\":\"Organizacija dogodkov\"}]},{\"@type\":\"WebSite\",\"@id\":\"https:\/\/www.maycreate.si\/sl\/#website\",\"url\":\"https:\/\/www.maycreate.si\/sl\/\",\"name\":\"Studio MayCreate\",\"description\":\"May We Create For You\",\"publisher\":{\"@id\":\"https:\/\/www.maycreate.si\/sl\/#organization\"},\"potentialAction\":[{\"@type\":\"SearchAction\",\"target\":{\"@type\":\"EntryPoint\",\"urlTemplate\":\"https:\/\/www.maycreate.si\/sl\/?s={search_term_string}\"},\"query-input\":{\"@type\":\"PropertyValueSpecification\",\"valueRequired\":true,\"valueName\":\"search_term_string\"}}],\"inLanguage\":\"sl-SI\"},{\"@type\":\"Organization\",\"@id\":\"https:\/\/www.maycreate.si\/sl\/#organization\",\"name\":\"Studio MayCreate\",\"url\":\"https:\/\/www.maycreate.si\/sl\/\",\"logo\":{\"@type\":\"ImageObject\",\"inLanguage\":\"sl-SI\",\"@id\":\"https:\/\/www.maycreate.si\/sl\/#\/schema\/logo\/image\/\",\"url\":\"https:\/\/www.maycreate.si\/wp-content\/uploads\/2019\/04\/MayCreateSek2.png\",\"contentUrl\":\"https:\/\/www.maycreate.si\/wp-content\/uploads\/2019\/04\/MayCreateSek2.png\",\"width\":500,\"height\":146,\"caption\":\"Studio MayCreate\"},\"image\":{\"@id\":\"https:\/\/www.maycreate.si\/sl\/#\/schema\/logo\/image\/\"}}]}<\/script>\n<!-- \/ Yoast SEO plugin. -->","yoast_head_json":{"title":"Organizacija dogodkov - Studio MayCreate","robots":{"index":"index","follow":"follow","max-snippet":"max-snippet:-1","max-image-preview":"max-image-preview:large","max-video-preview":"max-video-preview:-1"},"canonical":"https:\/\/www.maycreate.si\/sl\/storitve\/organizacija-dogodkov\/","og_locale":"sl_SI","og_type":"article","og_title":"Organizacija dogodkov - Studio MayCreate","og_description":"STORITVE Organizacija dogodkov Klju\u010dni dejavniki vsakega dogodka so dobra organizacija, kakovostna izvedba ter energija, ki jo ta iz\u017eareva. Organizacijo dogodkov bi si dovolila opisati kot proces, v katerem se rodi ideja, kreativna zasnova ter priprava kakovostnega strate\u0161kega plana. Vsak dogodek mora biti na\u010drtovan in pripravljen z dobro mero potrpe\u017eljivosti, kreativnosti in dobro postavljenih na\u010drtov. Vseeno [&hellip;]","og_url":"https:\/\/www.maycreate.si\/sl\/storitve\/organizacija-dogodkov\/","og_site_name":"Studio MayCreate","article_modified_time":"2019-11-11T14:05:17+00:00","twitter_card":"summary_large_image","twitter_misc":{"Est. reading time":"1 minuta"},"schema":{"@context":"https:\/\/schema.org","@graph":[{"@type":"WebPage","@id":"https:\/\/www.maycreate.si\/sl\/storitve\/organizacija-dogodkov\/","url":"https:\/\/www.maycreate.si\/sl\/storitve\/organizacija-dogodkov\/","name":"Organizacija dogodkov - Studio MayCreate","isPartOf":{"@id":"https:\/\/www.maycreate.si\/sl\/#website"},"datePublished":"2019-03-17T18:03:50+00:00","dateModified":"2019-11-11T14:05:17+00:00","breadcrumb":{"@id":"https:\/\/www.maycreate.si\/sl\/storitve\/organizacija-dogodkov\/#breadcrumb"},"inLanguage":"sl-SI","potentialAction":[{"@type":"ReadAction","target":["https:\/\/www.maycreate.si\/sl\/storitve\/organizacija-dogodkov\/"]}]},{"@type":"BreadcrumbList","@id":"https:\/\/www.maycreate.si\/sl\/storitve\/organizacija-dogodkov\/#breadcrumb","itemListElement":[{"@type":"ListItem","position":1,"name":"Home","item":"https:\/\/www.maycreate.si\/sl\/"},{"@type":"ListItem","position":2,"name":"Storitve","item":"https:\/\/www.maycreate.si\/sl\/storitve\/"},{"@type":"ListItem","position":3,"name":"Organizacija dogodkov"}]},{"@type":"WebSite","@id":"https:\/\/www.maycreate.si\/sl\/#website","url":"https:\/\/www.maycreate.si\/sl\/","name":"Studio MayCreate","description":"May We Create For You","publisher":{"@id":"https:\/\/www.maycreate.si\/sl\/#organization"},"potentialAction":[{"@type":"SearchAction","target":{"@type":"EntryPoint","urlTemplate":"https:\/\/www.maycreate.si\/sl\/?s={search_term_string}"},"query-input":{"@type":"PropertyValueSpecification","valueRequired":true,"valueName":"search_term_string"}}],"inLanguage":"sl-SI"},{"@type":"Organization","@id":"https:\/\/www.maycreate.si\/sl\/#organization","name":"Studio MayCreate","url":"https:\/\/www.maycreate.si\/sl\/","logo":{"@type":"ImageObject","inLanguage":"sl-SI","@id":"https:\/\/www.maycreate.si\/sl\/#\/schema\/logo\/image\/","url":"https:\/\/www.maycreate.si\/wp-content\/uploads\/2019\/04\/MayCreateSek2.png","contentUrl":"https:\/\/www.maycreate.si\/wp-content\/uploads\/2019\/04\/MayCreateSek2.png","width":500,"height":146,"caption":"Studio MayCreate"},"image":{"@id":"https:\/\/www.maycreate.si\/sl\/#\/schema\/logo\/image\/"}}]}},"_links":{"self":[{"href":"https:\/\/www.maycreate.si\/sl\/wp-json\/wp\/v2\/pages\/855","targetHints":{"allow":["GET"]}}],"collection":[{"href":"https:\/\/www.maycreate.si\/sl\/wp-json\/wp\/v2\/pages"}],"about":[{"href":"https:\/\/www.maycreate.si\/sl\/wp-json\/wp\/v2\/types\/page"}],"author":[{"embeddable":true,"href":"https:\/\/www.maycreate.si\/sl\/wp-json\/wp\/v2\/users\/1"}],"replies":[{"embeddable":true,"href":"https:\/\/www.maycreate.si\/sl\/wp-json\/wp\/v2\/comments?post=855"}],"version-history":[{"count":0,"href":"https:\/\/www.maycreate.si\/sl\/wp-json\/wp\/v2\/pages\/855\/revisions"}],"up":[{"embeddable":true,"href":"https:\/\/www.maycreate.si\/sl\/wp-json\/wp\/v2\/pages\/791"}],"wp:attachment":[{"href":"https:\/\/www.maycreate.si\/sl\/wp-json\/wp\/v2\/media?parent=855"}],"curies":[{"name":"wp","href":"https:\/\/api.w.org\/{rel}","templated":true}]}}