{"id":872,"date":"2019-03-17T19:12:50","date_gmt":"2019-03-17T18:12:50","guid":{"rendered":"https:\/\/www.maycreate.si\/privacy-statement\/"},"modified":"2024-06-18T21:58:46","modified_gmt":"2024-06-18T19:58:46","slug":"pravilnik-o-zasebnosti","status":"publish","type":"page","link":"https:\/\/www.maycreate.si\/sl\/pravilnik-o-zasebnosti\/","title":{"rendered":"Pravilnik o zasebnosti"},"content":{"rendered":"\t\t<div data-elementor-type=\"wp-post\" data-elementor-id=\"872\" class=\"elementor elementor-872 elementor-3\">\n\t\t\t\t\t\t<section class=\"elementor-section elementor-top-section elementor-element elementor-element-2cb4a4d elementor-section-boxed elementor-section-height-default elementor-section-height-default\" data-id=\"2cb4a4d\" data-element_type=\"section\">\n\t\t\t\t\t\t<div class=\"elementor-container elementor-column-gap-default\">\n\t\t\t\t\t<div class=\"elementor-column elementor-col-100 elementor-top-column elementor-element elementor-element-18b63df5\" data-id=\"18b63df5\" data-element_type=\"column\">\n\t\t\t<div class=\"elementor-widget-wrap elementor-element-populated\">\n\t\t\t\t\t\t<div class=\"elementor-element elementor-element-41cd1108 elementor-widget elementor-widget-text-editor\" data-id=\"41cd1108\" data-element_type=\"widget\" data-widget_type=\"text-editor.default\">\n\t\t\t\t<div class=\"elementor-widget-container\">\n\t\t\t\t\t\t\t\t\t<h1>Pravilnik o zasebnosti<\/h1><h3>Izjava o zasebnosti<\/h3><p>Spo\u0161tujemo va\u0161o zasebnost in vse zasebne podatke obravnavamo z najve\u010djo zaupnostjo in skrbnostjo. Med dostopom do tega spletnega mesta so identifikacijski in s tem povezani podatki (vklju\u010dno z IP naslovom, datumom, \u010dasom, stranmi dostopa) shranjeni na na\u0161em stre\u017eniku.<br \/>Ti podatki se uporabljajo izklju\u010dno za interne statisti\u010dne namene in so anonimni. Pomagajo nam prilagoditi informacije na na\u0161em spletnem mestu posebnim potrebam na\u0161ih strank. Podatki se nikoli ne posredujejo tretjim osebam.<br \/>Podatke, ki jih prejmemo prek kontaktnega obrazca ali po elektronski po\u0161ti, obravnavamo zaupno in jih nikoli ne posredujemo tretjim osebam. Osebni podatki (kot so ime, podjetje, e-po\u0161tni naslov, telefonska \u0161tevilka), ki jih prejmemo, ko nas kontaktirate, se uporabljajo izklju\u010dno za korespondenco, z namenom da vam posredujemo zahtevane informacije.<br \/>Podatkov ne bomo prodajali, trgovali ali dajali v najem tretjim osebam. Prosim upo\u0161tevajte, da je nemogo\u010de zagotoviti, da podatkov, posredovanih prek interneta, ne bo prebrala ali spremenila nepoobla\u0161\u010dena oseba. \u010ce imate dodatna vpra\u0161anja v zvezi s temi zadevami, nas kontaktirajte.<\/p><h3>Pravne opombe<\/h3><p>\u010ceprav se po svojih najbolj\u0161ih mo\u010deh trudimo zagotoviti, da so vse informacije na tem spletnem mestu pravilne in a\u017eurne, je nemogo\u010de zagotoviti, da je to vedno tako.<br \/>Ne prevzemamo odgovornosti za kakr\u0161ne koli informacije, ki so morda zastarele, lahko vsebujejo napake ali opustitve. Podatki se lahko spremenijo brez predhodnega obvestila. Za najnovej\u0161e informacije nas kontaktirajte.<br \/>Ne moremo sprejeti nobene odgovornosti ali odgovornosti za nepravilno delovanje in\/ali razpolo\u017eljivost tega spletnega mesta ali za to, da se katerakoli oseba zana\u0161a na vsebino spletnega mesta. \u010ce imate dodatna vpra\u0161anja v zvezi s tem, nas kontaktirajte.<\/p><h3>Pi\u0161kotki<\/h3><p>Ponudnik <strong>Studio Maycreate<\/strong> uporablja pi\u0161kotke brskalnika (od tu naprej: pi\u0161kotki) na spletni strani sila-modic.si. Pi\u0161kotki so besedilne datoteke, ki so shranjene na napravi uporabnika, ki obi\u0161\u010de spletno mesto. Ko se uporabnik vrne na spletno mesto, lahko ponudnik dostopa do informacij, ki so bile shranjene na napravi uporabnika z uporabo pi\u0161kotkov.<br \/>Ponudnik lahko uporablja pi\u0161kotke, da zagotovi, da bo uporabnik med brskanjem in ogledom spletne strani prejel nemoteno in uporabniku prijazno izku\u0161njo. Pi\u0161kotke lahko uporablja tudi za preu\u010devanje uporabnikov, sledenje obiska obiskovalcev (za statisti\u010dne namene).<br \/>Kot ve\u010dina spletnih storitev tudi na\u0161a spletna stran uporablja pi\u0161kotke prve in tretjih oseb za ve\u010d namenov. Lastni pi\u0161kotki so ve\u010dinoma potrebni za pravilno delovanje spletne strani in ne zbirajo nobenih va\u0161ih osebnih podatkov.<br \/>Pi\u0161kotki tretjih oseb, ki se uporabljajo na na\u0161em spletnem mestu, so v glavnem namenjeni razumevanju delovanja spletnega mesta, va\u0161i interakciji z na\u0161im spletnim mestom, varovanju na\u0161ih storitev. Na splo\u0161no vam zagotavljajo bolj\u0161o in izbolj\u0161ano uporabni\u0161ko izku\u0161njo ter pomagajo pospe\u0161iti va\u0161e prihodnje interakcije z na\u0161im spletnim mestom.<br \/>Pi\u0161kotki in z njihovo pomo\u010djo zbrani podatki ne ponujajo podrobnosti, ki bi ponudniku omogo\u010dile identifikacijo uporabnika na na\u010din, ki bi kr\u0161il zakonodajo o varstvu osebnih podatkov, ter ponudniku ne omogo\u010dajo razkrivanja prave identitete obiskovalcev. Uporabniki lahko kadarkoli spremenijo ali prekli\u010dejo soglasje z izjavo o pi\u0161kotkih na na\u0161em spletnem mestu maycreate.si. Uporabniki lahko tudi kadar koli ponastavijo dovoljenja za blokiranje ali dopustitev pi\u0161kotkov v spletnem brskalniku, do katerega dostopajo.<\/p><h3>Kak\u0161ne pravice imate do svojih podatkov<\/h3><p>\u010ce ste oddali kontaktni obrazec, lahko zahtevate, da prejmete izvo\u017eeno datoteko osebnih podatkov, ki jih hranimo o vas, vklju\u010dno z vsemi podatki, ki ste nam jih posredovali. Prav tako lahko zahtevate, da izbri\u0161emo vse osebne podatke, ki jih hranimo o vas. To ne vklju\u010duje nobenih podatkov, ki smo jih dol\u017eni hraniti za administrativne, pravne ali varnostne namene.<\/p><h3>Obvestilo o avtorskih pravicah<\/h3><p><strong>\u00a9 Studio Maycreate<\/strong>, vse pravice pridr\u017eane.<\/p><p>\u010ce ni druga\u010de dolo\u010deno, je vse gradivo na tem spletnem mestu za\u0161\u010diteno z avtorskimi pravicami in ga ni dovoljeno uporabljati, razen kot je dolo\u010deno v katerem koli drugem obvestilu o lastni\u0161tvu, prilo\u017eenem ustreznemu gradivu.<br \/>Gradiva na tem spletnem mestu ni dovoljeno prena\u0161ati ali kopirati brez pisnega dovoljenja ustreznega lastnika avtorskih pravic. Vse blagovne znamke so v lasti njihovih lastnikov. \u010ce imate dodatna vpra\u0161anja v zvezi s temi zadevami, nas kontaktirajte.<\/p><p><em>\u010ce imate kakr\u0161ne koli dvome ali vpra\u0161anja glede va\u0161ih osebnih podatkov ali tega pravilnika o zasebnosti, nas kontaktirajte na naslov <a href=\"&#x6d;&#x61;&#x69;&#x6c;&#x74;&#x6f;&#x3a;&#x69;&#x6e;&#x66;&#x6f;&#x40;&#x6d;&#x61;&#x79;&#x63;&#x72;&#x65;&#x61;&#x74;&#x65;&#x2e;&#x73;&#x69;\">&#x69;n&#x66;&#111;&#64;&#x6d;&#97;&#x79;&#x63;r&#x65;&#97;t&#x65;&#46;&#x73;&#105;<\/a>.<\/em><\/p>\t\t\t\t\t\t\t\t<\/div>\n\t\t\t\t<\/div>\n\t\t\t\t\t<\/div>\n\t\t<\/div>\n\t\t\t\t\t<\/div>\n\t\t<\/section>\n\t\t\t\t<\/div>\n\t\t","protected":false},"excerpt":{"rendered":"<p>Pravilnik o zasebnosti Izjava o zasebnosti Spo\u0161tujemo va\u0161o zasebnost in vse zasebne podatke obravnavamo z najve\u010djo zaupnostjo in skrbnostjo. Med dostopom do tega spletnega mesta so identifikacijski in s tem povezani podatki (vklju\u010dno z IP naslovom, datumom, \u010dasom, stranmi dostopa) shranjeni na na\u0161em stre\u017eniku.Ti podatki se uporabljajo izklju\u010dno za interne statisti\u010dne namene in so anonimni. [&hellip;]<\/p>\n","protected":false},"author":1,"featured_media":0,"parent":0,"menu_order":0,"comment_status":"closed","ping_status":"closed","template":"","meta":{"ocean_post_layout":"","ocean_both_sidebars_style":"","ocean_both_sidebars_content_width":0,"ocean_both_sidebars_sidebars_width":0,"ocean_sidebar":"0","ocean_second_sidebar":"0","ocean_disable_margins":"enable","ocean_add_body_class":"","ocean_shortcode_before_top_bar":"","ocean_shortcode_after_top_bar":"","ocean_shortcode_before_header":"","ocean_shortcode_after_header":"","ocean_has_shortcode":"","ocean_shortcode_after_title":"","ocean_shortcode_before_footer_widgets":"","ocean_shortcode_after_footer_widgets":"","ocean_shortcode_before_footer_bottom":"","ocean_shortcode_after_footer_bottom":"","ocean_display_top_bar":"default","ocean_display_header":"default","ocean_header_style":"","ocean_center_header_left_menu":"0","ocean_custom_header_template":"0","ocean_custom_logo":0,"ocean_custom_retina_logo":0,"ocean_custom_logo_max_width":0,"ocean_custom_logo_tablet_max_width":0,"ocean_custom_logo_mobile_max_width":0,"ocean_custom_logo_max_height":0,"ocean_custom_logo_tablet_max_height":0,"ocean_custom_logo_mobile_max_height":0,"ocean_header_custom_menu":"0","ocean_menu_typo_font_family":"0","ocean_menu_typo_font_subset":"","ocean_menu_typo_font_size":0,"ocean_menu_typo_font_size_tablet":0,"ocean_menu_typo_font_size_mobile":0,"ocean_menu_typo_font_size_unit":"px","ocean_menu_typo_font_weight":"","ocean_menu_typo_font_weight_tablet":"","ocean_menu_typo_font_weight_mobile":"","ocean_menu_typo_transform":"","ocean_menu_typo_transform_tablet":"","ocean_menu_typo_transform_mobile":"","ocean_menu_typo_line_height":0,"ocean_menu_typo_line_height_tablet":0,"ocean_menu_typo_line_height_mobile":0,"ocean_menu_typo_line_height_unit":"","ocean_menu_typo_spacing":0,"ocean_menu_typo_spacing_tablet":0,"ocean_menu_typo_spacing_mobile":0,"ocean_menu_typo_spacing_unit":"","ocean_menu_link_color":"","ocean_menu_link_color_hover":"","ocean_menu_link_color_active":"","ocean_menu_link_background":"","ocean_menu_link_hover_background":"","ocean_menu_link_active_background":"","ocean_menu_social_links_bg":"","ocean_menu_social_hover_links_bg":"","ocean_menu_social_links_color":"","ocean_menu_social_hover_links_color":"","ocean_disable_title":"default","ocean_disable_heading":"default","ocean_post_title":"","ocean_post_subheading":"","ocean_post_title_style":"","ocean_post_title_background_color":"","ocean_post_title_background":0,"ocean_post_title_bg_image_position":"","ocean_post_title_bg_image_attachment":"","ocean_post_title_bg_image_repeat":"","ocean_post_title_bg_image_size":"","ocean_post_title_height":0,"ocean_post_title_bg_overlay":0.5,"ocean_post_title_bg_overlay_color":"","ocean_disable_breadcrumbs":"default","ocean_breadcrumbs_color":"","ocean_breadcrumbs_separator_color":"","ocean_breadcrumbs_links_color":"","ocean_breadcrumbs_links_hover_color":"","ocean_display_footer_widgets":"default","ocean_display_footer_bottom":"default","ocean_custom_footer_template":"0","footnotes":""},"class_list":["post-872","page","type-page","status-publish","hentry","entry"],"yoast_head":"<!-- This site is optimized with the Yoast SEO plugin v24.9 - https:\/\/yoast.com\/wordpress\/plugins\/seo\/ -->\n<title>Pravilnik o zasebnosti - Studio MayCreate<\/title>\n<meta name=\"robots\" content=\"index, follow, max-snippet:-1, max-image-preview:large, max-video-preview:-1\" \/>\n<link rel=\"canonical\" href=\"https:\/\/www.maycreate.si\/sl\/pravilnik-o-zasebnosti\/\" \/>\n<meta property=\"og:locale\" content=\"sl_SI\" \/>\n<meta property=\"og:type\" content=\"article\" \/>\n<meta property=\"og:title\" content=\"Pravilnik o zasebnosti - Studio MayCreate\" \/>\n<meta property=\"og:description\" content=\"Pravilnik o zasebnosti Izjava o zasebnosti Spo\u0161tujemo va\u0161o zasebnost in vse zasebne podatke obravnavamo z najve\u010djo zaupnostjo in skrbnostjo. Med dostopom do tega spletnega mesta so identifikacijski in s tem povezani podatki (vklju\u010dno z IP naslovom, datumom, \u010dasom, stranmi dostopa) shranjeni na na\u0161em stre\u017eniku.Ti podatki se uporabljajo izklju\u010dno za interne statisti\u010dne namene in so anonimni. [&hellip;]\" \/>\n<meta property=\"og:url\" content=\"https:\/\/www.maycreate.si\/sl\/pravilnik-o-zasebnosti\/\" \/>\n<meta property=\"og:site_name\" content=\"Studio MayCreate\" \/>\n<meta property=\"article:modified_time\" content=\"2024-06-18T19:58:46+00:00\" \/>\n<meta name=\"twitter:card\" content=\"summary_large_image\" \/>\n<meta name=\"twitter:label1\" content=\"Est. reading time\" \/>\n\t<meta name=\"twitter:data1\" content=\"4 minute\" \/>\n<script type=\"application\/ld+json\" class=\"yoast-schema-graph\">{\"@context\":\"https:\/\/schema.org\",\"@graph\":[{\"@type\":\"WebPage\",\"@id\":\"https:\/\/www.maycreate.si\/sl\/pravilnik-o-zasebnosti\/\",\"url\":\"https:\/\/www.maycreate.si\/sl\/pravilnik-o-zasebnosti\/\",\"name\":\"Pravilnik o zasebnosti - Studio MayCreate\",\"isPartOf\":{\"@id\":\"https:\/\/www.maycreate.si\/sl\/#website\"},\"datePublished\":\"2019-03-17T18:12:50+00:00\",\"dateModified\":\"2024-06-18T19:58:46+00:00\",\"breadcrumb\":{\"@id\":\"https:\/\/www.maycreate.si\/sl\/pravilnik-o-zasebnosti\/#breadcrumb\"},\"inLanguage\":\"sl-SI\",\"potentialAction\":[{\"@type\":\"ReadAction\",\"target\":[\"https:\/\/www.maycreate.si\/sl\/pravilnik-o-zasebnosti\/\"]}]},{\"@type\":\"BreadcrumbList\",\"@id\":\"https:\/\/www.maycreate.si\/sl\/pravilnik-o-zasebnosti\/#breadcrumb\",\"itemListElement\":[{\"@type\":\"ListItem\",\"position\":1,\"name\":\"Home\",\"item\":\"https:\/\/www.maycreate.si\/sl\/\"},{\"@type\":\"ListItem\",\"position\":2,\"name\":\"Pravilnik o zasebnosti\"}]},{\"@type\":\"WebSite\",\"@id\":\"https:\/\/www.maycreate.si\/sl\/#website\",\"url\":\"https:\/\/www.maycreate.si\/sl\/\",\"name\":\"Studio MayCreate\",\"description\":\"May We Create For You\",\"publisher\":{\"@id\":\"https:\/\/www.maycreate.si\/sl\/#organization\"},\"potentialAction\":[{\"@type\":\"SearchAction\",\"target\":{\"@type\":\"EntryPoint\",\"urlTemplate\":\"https:\/\/www.maycreate.si\/sl\/?s={search_term_string}\"},\"query-input\":{\"@type\":\"PropertyValueSpecification\",\"valueRequired\":true,\"valueName\":\"search_term_string\"}}],\"inLanguage\":\"sl-SI\"},{\"@type\":\"Organization\",\"@id\":\"https:\/\/www.maycreate.si\/sl\/#organization\",\"name\":\"Studio MayCreate\",\"url\":\"https:\/\/www.maycreate.si\/sl\/\",\"logo\":{\"@type\":\"ImageObject\",\"inLanguage\":\"sl-SI\",\"@id\":\"https:\/\/www.maycreate.si\/sl\/#\/schema\/logo\/image\/\",\"url\":\"https:\/\/www.maycreate.si\/wp-content\/uploads\/2019\/04\/MayCreateSek2.png\",\"contentUrl\":\"https:\/\/www.maycreate.si\/wp-content\/uploads\/2019\/04\/MayCreateSek2.png\",\"width\":500,\"height\":146,\"caption\":\"Studio MayCreate\"},\"image\":{\"@id\":\"https:\/\/www.maycreate.si\/sl\/#\/schema\/logo\/image\/\"}}]}<\/script>\n<!-- \/ Yoast SEO plugin. -->","yoast_head_json":{"title":"Pravilnik o zasebnosti - Studio MayCreate","robots":{"index":"index","follow":"follow","max-snippet":"max-snippet:-1","max-image-preview":"max-image-preview:large","max-video-preview":"max-video-preview:-1"},"canonical":"https:\/\/www.maycreate.si\/sl\/pravilnik-o-zasebnosti\/","og_locale":"sl_SI","og_type":"article","og_title":"Pravilnik o zasebnosti - Studio MayCreate","og_description":"Pravilnik o zasebnosti Izjava o zasebnosti Spo\u0161tujemo va\u0161o zasebnost in vse zasebne podatke obravnavamo z najve\u010djo zaupnostjo in skrbnostjo. Med dostopom do tega spletnega mesta so identifikacijski in s tem povezani podatki (vklju\u010dno z IP naslovom, datumom, \u010dasom, stranmi dostopa) shranjeni na na\u0161em stre\u017eniku.Ti podatki se uporabljajo izklju\u010dno za interne statisti\u010dne namene in so anonimni. [&hellip;]","og_url":"https:\/\/www.maycreate.si\/sl\/pravilnik-o-zasebnosti\/","og_site_name":"Studio MayCreate","article_modified_time":"2024-06-18T19:58:46+00:00","twitter_card":"summary_large_image","twitter_misc":{"Est. reading time":"4 minute"},"schema":{"@context":"https:\/\/schema.org","@graph":[{"@type":"WebPage","@id":"https:\/\/www.maycreate.si\/sl\/pravilnik-o-zasebnosti\/","url":"https:\/\/www.maycreate.si\/sl\/pravilnik-o-zasebnosti\/","name":"Pravilnik o zasebnosti - Studio MayCreate","isPartOf":{"@id":"https:\/\/www.maycreate.si\/sl\/#website"},"datePublished":"2019-03-17T18:12:50+00:00","dateModified":"2024-06-18T19:58:46+00:00","breadcrumb":{"@id":"https:\/\/www.maycreate.si\/sl\/pravilnik-o-zasebnosti\/#breadcrumb"},"inLanguage":"sl-SI","potentialAction":[{"@type":"ReadAction","target":["https:\/\/www.maycreate.si\/sl\/pravilnik-o-zasebnosti\/"]}]},{"@type":"BreadcrumbList","@id":"https:\/\/www.maycreate.si\/sl\/pravilnik-o-zasebnosti\/#breadcrumb","itemListElement":[{"@type":"ListItem","position":1,"name":"Home","item":"https:\/\/www.maycreate.si\/sl\/"},{"@type":"ListItem","position":2,"name":"Pravilnik o zasebnosti"}]},{"@type":"WebSite","@id":"https:\/\/www.maycreate.si\/sl\/#website","url":"https:\/\/www.maycreate.si\/sl\/","name":"Studio MayCreate","description":"May We Create For You","publisher":{"@id":"https:\/\/www.maycreate.si\/sl\/#organization"},"potentialAction":[{"@type":"SearchAction","target":{"@type":"EntryPoint","urlTemplate":"https:\/\/www.maycreate.si\/sl\/?s={search_term_string}"},"query-input":{"@type":"PropertyValueSpecification","valueRequired":true,"valueName":"search_term_string"}}],"inLanguage":"sl-SI"},{"@type":"Organization","@id":"https:\/\/www.maycreate.si\/sl\/#organization","name":"Studio MayCreate","url":"https:\/\/www.maycreate.si\/sl\/","logo":{"@type":"ImageObject","inLanguage":"sl-SI","@id":"https:\/\/www.maycreate.si\/sl\/#\/schema\/logo\/image\/","url":"https:\/\/www.maycreate.si\/wp-content\/uploads\/2019\/04\/MayCreateSek2.png","contentUrl":"https:\/\/www.maycreate.si\/wp-content\/uploads\/2019\/04\/MayCreateSek2.png","width":500,"height":146,"caption":"Studio MayCreate"},"image":{"@id":"https:\/\/www.maycreate.si\/sl\/#\/schema\/logo\/image\/"}}]}},"_links":{"self":[{"href":"https:\/\/www.maycreate.si\/sl\/wp-json\/wp\/v2\/pages\/872","targetHints":{"allow":["GET"]}}],"collection":[{"href":"https:\/\/www.maycreate.si\/sl\/wp-json\/wp\/v2\/pages"}],"about":[{"href":"https:\/\/www.maycreate.si\/sl\/wp-json\/wp\/v2\/types\/page"}],"author":[{"embeddable":true,"href":"https:\/\/www.maycreate.si\/sl\/wp-json\/wp\/v2\/users\/1"}],"replies":[{"embeddable":true,"href":"https:\/\/www.maycreate.si\/sl\/wp-json\/wp\/v2\/comments?post=872"}],"version-history":[{"count":0,"href":"https:\/\/www.maycreate.si\/sl\/wp-json\/wp\/v2\/pages\/872\/revisions"}],"wp:attachment":[{"href":"https:\/\/www.maycreate.si\/sl\/wp-json\/wp\/v2\/media?parent=872"}],"curies":[{"name":"wp","href":"https:\/\/api.w.org\/{rel}","templated":true}]}}